{"id":105504,"date":"2022-09-22T13:08:23","date_gmt":"2022-09-22T11:08:23","guid":{"rendered":"https:\/\/www.sunnerg.com\/?page_id=105504"},"modified":"2022-09-22T14:45:26","modified_gmt":"2022-09-22T12:45:26","slug":"privacy-policy","status":"publish","type":"page","link":"https:\/\/www.sunnerg.com\/it\/privacy-policy\/","title":{"rendered":"Privacy policy"},"content":{"rendered":"<p><strong>NAVIGAZIONE SITO WEB<\/strong><\/p>\n<p>Sunnerg Group S.r.l. (di seguito anche il Titolare o Sunnerg) rilascia all\u2019Interessato e cio\u00e8 alla persona alla quale i dati personali si riferiscono, le seguenti informazioni ai sensi dell\u2019art. 13 Regolamento UE n. 2016\/679 del 27 aprile 2016 (di seguito GDPR), relativo alla protezione delle persone fisiche con riguardo al trattamento dei dati personali. La presente informativa ha lo scopo di descrivere le caratteristiche dei trattamenti svolti in relazione ai dati personali forniti dall\u2019Interessato e le misure adottate al fine di tutelarne i diritti.<\/p>\n<p>La presente informativa viene rilasciata nel sito di Sunnerg (<a href=\"http:\/\/www.sunnerg.com\">www.sunnerg.com<\/a>, di seguito il Sito), nella sezione dedicata alla Policy sul trattamento dei dati personali nella home page.<\/p>\n<p>&nbsp;<\/p>\n<p><strong>Titolare del trattamento<\/strong><\/p>\n<p>Il Titolare del trattamento \u00e8 Sunnerg Group\u00a0 S.r.l.\u00a0 con sede legale in via San Pietro all&#8217;Orto n. 10 &#8211; 20121 \u2013 Milano (MI)- P.IVA 10331180967- e-mail:\u00a0<a href=\"mailto:privacy@sunnerg.com\">privacy@sunnerg.com<\/a>.<\/p>\n<p>&nbsp;<\/p>\n<p><strong>Dati oggetto di trattamento<\/strong><\/p>\n<p>Il Titolare raccoglie essenzialmente i seguenti dati personali:<\/p>\n<ul>\n<li>Dati identificativi dell\u2019Utente, quali, ad esempio, gli indirizzi IP e i nomi a dominio del computer<\/li>\n<li>Dati relativi all\u2019utilizzo del Sito da parte dell\u2019Utente<\/li>\n<li>Dati forniti volontariamente dall\u2019Utente (informazioni identificative) per l\u2019accesso a determinati servizi offerti tramite il Sito, per i quali si rinvia alle apposite informative presenti nelle relative sezioni di riferimento<\/li>\n<li>Questi ultimi sono costituiti da file di testo che si generano automaticamente nell\u2019elaboratore elettronico dell\u2019Utente in seguito alla visita di alcune pagine del Sito. Taluni di questi file (<em>cookies di sessione<\/em>) vengono rimossi in modo automatico alla chiusura del browser. Un\u2019altra tipologia di cookies, invece, viene registrata e memorizzata sul computer dell\u2019Utente (ad esempio per rendere automatica la procedura di accesso all\u2019area riservata, l\u2019Utente potr\u00e0 scegliere che i suoi dati identificativi di User-id e password siano memorizzati in uno di questi file).<\/li>\n<\/ul>\n<p>Per maggiori informazioni relative ai cookie, al loro utilizzo e come disabilitarli si rinvia all\u2019informativa cookie.<\/p>\n<p><strong>\u00a0<\/strong><\/p>\n<p><strong>Finalit\u00e0 del trattamento e tempo di conservazione<\/strong><\/p>\n<p>I dati personali verranno trattati per le seguenti Finalit\u00e0:<\/p>\n<ol>\n<li>Gestire la corretta fruizione del Sito.<\/li>\n<li>Valutare, in forma statistica, l\u2019utilizzo del Sito da parte degli utenti.<\/li>\n<li>Marketing sia diretto che profilato a mezzo di cookie di terze parti.<\/li>\n<li>Accertare eventuali illeciti compiuti dagli utenti a danno di terzi o a danno del Titolare.<\/li>\n<li>Adempiere alla normativa europea e nazionale, nonch\u00e9 ai provvedimenti dell\u2019Autorit\u00e0 Garante.<\/li>\n<\/ol>\n<p>I dati trattati per le suddette Finalit\u00e0 verranno conservati come meglio precisato nelle relative informative (es. informativa cookie).<\/p>\n<p>&nbsp;<\/p>\n<p><strong>Liceit\u00e0 del trattamento<\/strong><\/p>\n<p>Il trattamento \u00e8 lecito perch\u00e9 fondato sulle seguenti basi giuridiche:<\/p>\n<ul>\n<li>Interesse legittimo del Titolare (gestire la corretta fruizione del sito web ed accertare eventuali illeciti compiuti dagli utenti a danno di terzi o a danno del Titolare).<\/li>\n<li>Consenso dell\u2019Interessato espresso durante l\u2019esperienza di navigazione.<\/li>\n<\/ul>\n<p><strong>\u00a0<\/strong><\/p>\n<p><strong>Modalit\u00e0 del trattamento <\/strong><\/p>\n<p>I dati personali sono trattati per il perseguimento delle Finalit\u00e0 indicate nella presente informativa su supporto elettronico.<\/p>\n<p>&nbsp;<\/p>\n<p><strong>Natura obbligatoria o facoltativa del conferimento dei dati<\/strong><\/p>\n<p>Qualora l\u2019Utente preferisca non ricevere cookie, pu\u00f2 impedirne la trasmissione da parte del sito web mediante opportuna configurazione del proprio browser di navigazione Internet.<\/p>\n<p>In alcuni casi, per\u00f2, la fruizione di alcune parti del Sito potrebbe essere condizionata alla memorizzazione dei cookie sul computer dell\u2019Utente.<\/p>\n<p>&nbsp;<\/p>\n<p><strong>Categorie di soggetti ai quali i dati personali possono essere comunicati<\/strong><\/p>\n<p>Il trattamento dei dati personali fornitici potr\u00e0 essere effettuato, nel rispetto del principio della stretta indispensabilit\u00e0 dei trattamenti:<\/p>\n<ul>\n<li>Dal personale dipendente del Titolare, che agisce e tratta i dati sotto l\u2019autorit\u00e0 e le istruzioni dello stesso, a norma dell\u2019art. 29 del GDPR ovvero del personale dipendente designato dal Titolare, a norma dell\u2019art. 2 <em>quaterdecies<\/em> del D. Lgs. n. 101\/2018.<\/li>\n<li>Da persone fisiche o giuridiche la cui facolt\u00e0 di accedere ai dati personali dell\u2019Interessato sia riconosciuta da disposizioni di legge previste dal diritto dell\u2019Unione Europea o dalla legge italiana, quali, a titolo esemplificativo, autorit\u00e0 competenti e\/o organi di vigilanza per l\u2019espletamento degli obblighi di legge, e pubbliche Amministrazioni per i loro fini istituzionali.<\/li>\n<li>Da persone fisiche o giuridiche di cui il Titolare si avvale per lo svolgimento delle attivit\u00e0 strumentali al raggiungimento delle Finalit\u00e0 (come ad esempio, fornitori di software, partner cloud, datacenter, consulenti IT). I soggetti terzi che accederanno ai dati lo faranno rispettando la normativa vigente in materia di protezione dei dati personali e le istruzioni impartite dal Titolare e saranno in ogni caso nominati dal Titolare, Responsabili del trattamento.<\/li>\n<\/ul>\n<p>Un elenco dei Responsabili del trattamento \u00e8 disponibile presso la sede del Titolare.<\/p>\n<p><strong>Diffusione dei dati<\/strong><\/p>\n<p>I dati non verranno diffusi in alcun caso.<\/p>\n<p>&nbsp;<\/p>\n<p><strong>Diritti dell\u2019Interessato<\/strong><\/p>\n<p>Il GDPR garantisce all\u2019 Interessato del trattamento specifici diritti. Per ciascun trattamento, l\u2019Interessato pu\u00f2 esercitare i seguenti diritti:<\/p>\n<ul>\n<li><strong>Diritto di accesso<\/strong>: ha il diritto di ottenere una copia dei dati personali di cui siamo in possesso e che sono sottoposti a trattamento.<\/li>\n<li><strong>Diritto alla rettificazione<\/strong>: ha il diritto di rettificare i dati personali conservati dal Titolare qualora non siano aggiornati o corretti.<\/li>\n<li><strong>Diritto di opporsi<\/strong> al trattamento di dati personali per finalit\u00e0 commerciali: pu\u00f2 chiedere che il Titolare cessi di inviare comunicazioni commerciali in qualsiasi momento.<\/li>\n<li><strong>Diritto di opporsi<\/strong> a decisioni basate su processi esclusivamente automatizzati: pu\u00f2 chiedere di non essere destinatario di decisioni prese in base a processi esclusivamente automatizzati, inclusa l\u2019attivit\u00e0 di profilazione.<\/li>\n<li><strong>Diritto di revocare<\/strong> un consenso prestato: ha il diritto di revocare il consenso prestato per un determinato trattamento in qualsiasi momento.<\/li>\n<li><strong>Diritto di rivolgersi all\u2019Autorit\u00e0 Garante per la protezione dei dati personali<\/strong>: ha il diritto di rivolgersi all\u2019Autorit\u00e0\u0300 Garante per la protezione dei dati personali qualora abbia dubbi sul trattamento di dati personali operato dal Titolare.<\/li>\n<\/ul>\n<p>&nbsp;<\/p>\n<p>L\u2019Interessato pu\u00f2 esercitare anche i seguenti diritti al ricorrere di determinate circostanze:<\/p>\n<ul>\n<li><strong>Diritto alla cancellazione<\/strong>: pu\u00f2 richiedere che il Titolare cancelli i dati personali dell\u2019Interessato qualora siano cessati gli scopi del trattamento e non sussistano interessi legittimi o norme di legge che ne impongano la continuazione.<\/li>\n<li><strong>Diritto di opporsi<\/strong> ad un trattamento: pu\u00f2 chiedere che il Titolare cessi di svolgere un determinato trattamento sui dati personali dell\u2019Interessato.<\/li>\n<li><strong>Diritto di limitare<\/strong> il trattamento: ha il diritto di richiedere che il Titolare limiti le operazioni di trattamento sui dati personali dell\u2019Interessato.<\/li>\n<li><strong>Diritto alla portabilit\u00e0<\/strong> del dato: ha il diritto di ottenere una copia dei dati in un formato strutturato di uso comune e leggibile da dispositivo automatico da un altro Titolare.<\/li>\n<\/ul>\n<p>&nbsp;<\/p>\n<p>Per esercitare ciascuno dei citati diritti, l\u2019Interessato pu\u00f2 inviare una e-mail o scrivere al seguente indirizzo specificando la richiesta e fornendo al Titolare le informazioni necessarie alla corretta identificazione del mittente (allegando anche una copia del Suo documento di identit\u00e0):<\/p>\n<ul>\n<li>via e-mail: <a href=\"mailto:privacy@sunnerg.com\">privacy@sunnerg.com<\/a><\/li>\n<li>via posta: Sunnerg Group S.r.l., via via San Pietro all&#8217;Orto n. 10 &#8211; 20121 \u2013 Milano (MI)<\/li>\n<\/ul>\n<p>&nbsp;<\/p>\n<p>Sunnerg risponder\u00e0 entro un mese. Se per qualche motivo il Titolare non riuscisse a rispondere, fornir\u00e0 una spiegazione dettagliata sul motivo per cui non pu\u00f2 soddisfare la richiesta.<\/p>\n<p>La presente informativa potrebbe subire nel tempo delle modifiche o delle integrazioni, pertanto La invitiamo a consultare periodicamente il sito internet del Titolare &#8211; <a href=\"https:\/\/www.sunnerg.com\">www.sunnerg.com<\/a> &#8211; per rimanere costantemente aggiornato.<\/p>\n<p>Versione 01 \u2013 settembre 2022<\/p>\n","protected":false},"excerpt":{"rendered":"<p>NAVIGAZIONE SITO WEB Sunnerg Group S.r.l. (di seguito anche il Titolare o Sunnerg) rilascia all\u2019Interessato e cio\u00e8 alla persona alla [&hellip;]<\/p>\n","protected":false},"author":1,"featured_media":103618,"parent":0,"menu_order":0,"comment_status":"closed","ping_status":"closed","template":"","meta":[],"_links":{"self":[{"href":"https:\/\/www.sunnerg.com\/it\/wp-json\/wp\/v2\/pages\/105504"}],"collection":[{"href":"https:\/\/www.sunnerg.com\/it\/wp-json\/wp\/v2\/pages"}],"about":[{"href":"https:\/\/www.sunnerg.com\/it\/wp-json\/wp\/v2\/types\/page"}],"author":[{"embeddable":true,"href":"https:\/\/www.sunnerg.com\/it\/wp-json\/wp\/v2\/users\/1"}],"replies":[{"embeddable":true,"href":"https:\/\/www.sunnerg.com\/it\/wp-json\/wp\/v2\/comments?post=105504"}],"version-history":[{"count":3,"href":"https:\/\/www.sunnerg.com\/it\/wp-json\/wp\/v2\/pages\/105504\/revisions"}],"predecessor-version":[{"id":105509,"href":"https:\/\/www.sunnerg.com\/it\/wp-json\/wp\/v2\/pages\/105504\/revisions\/105509"}],"wp:featuredmedia":[{"embeddable":true,"href":"https:\/\/www.sunnerg.com\/it\/wp-json\/wp\/v2\/media\/103618"}],"wp:attachment":[{"href":"https:\/\/www.sunnerg.com\/it\/wp-json\/wp\/v2\/media?parent=105504"}],"curies":[{"name":"wp","href":"https:\/\/api.w.org\/{rel}","templated":true}]}}